{"id":1106,"date":"2022-02-04T14:28:14","date_gmt":"2022-02-04T12:28:14","guid":{"rendered":"https:\/\/amigo.jormauimonen.com\/?page_id=1106"},"modified":"2026-03-30T18:32:08","modified_gmt":"2026-03-30T15:32:08","slug":"kalenteri-2022","status":"publish","type":"page","link":"https:\/\/amigo.jormauimonen.com\/?page_id=1106","title":{"rendered":"Kalenteri 2026"},"content":{"rendered":"<p>      Yst\u00e4v\u00e4ni!<\/p>\n<p>  Ep\u00e4varmuudesta ja muutosten yll\u00e4tt\u00e4vyyksist\u00e4 n\u00e4ytt\u00e4\u00e4 muodostuneen uusi normaali. Jokainen aistii sen omalla tavallaan.Omalla kohdallani tunneskaalaa on selattu \u00e4\u00e4rip\u00e4\u00e4st\u00e4 toiseen.Kuolema on kulkenut niin l\u00e4helt\u00e4, ett\u00e4 henk\u00e4isy sai v\u00e4risem\u00e4\u00e4n. Jumala on ollut l\u00e4heisille ja itselleni armollinen. H\u00e4n on auttanut meit\u00e4 toipumaan ja jatkamaan omaa matkaamme &#8211; ehk\u00e4 enemm\u00e4n toisiamme tukien.<\/p>\n<p>  Ik\u00e4 ja sairaudet tuntuvat entist\u00e4 enemm\u00e4n liittoutuneen kesken\u00e4\u00e4n. Ranteessa keikkuva kuntopuntari kertoo lahjomatonta kielt\u00e4\u00e4n. Sen ei saa antaa kuitenkaan hallita ajatuksia, kunhan vain ymm\u00e4rrys saa auttaa ymm\u00e4rt\u00e4m\u00e4\u00e4n rajoja. Olen edelleen saanut kutsuja tutuksi k\u00e4yneilt\u00e4 seurakunnilta. Se on saanut minut oivaltamaan, ett\u00e4 toiset eiv\u00e4t vaadikaan minulta niin paljon kuin mit\u00e4 itse teen. Kuulijoita kiinnostaa aidosti se, kuinka koen Kristuksen antaman tuen el\u00e4m\u00e4n illassa ja sairauden puristuksessa. Uskonel\u00e4m\u00e4n perustotuudet nousevat arvoonsa. Monisyiset teologiset selitykset voin j\u00e4tt\u00e4\u00e4 sovinnolla itse\u00e4ni viisaammille. Hyv\u00e4ksyn v\u00e4hentyneet voimavarani. Enemm\u00e4n kuin parantumista pyyd\u00e4n viisautta laskea ja k\u00e4ytt\u00e4\u00e4 j\u00e4ljell\u00e4 olevan aikani oikein. Yhdyn kuningas Salomonin rukoukseen, ett\u00e4 saisin ymm\u00e4rt\u00e4v\u00e4isen syd\u00e4men.   <\/p>\n<p>  Jos Jumala suo, olen vierailemassa seurakunnissa vuonna 2026 seuraavasti:<\/p>\n<p> 8.1.  klo 12  Alavuden Kristilliset el\u00e4kel\u00e4iset, (Helluntaiseurakunnassa)<br \/>\n21.1.  klo 12  Alavuden Helluntaisrk. (Leip\u00e4kirkko)<br \/>\n 1.2.  klo 16  Orimattilan Vapaasrk.<br \/>\n 8.2.  klo 16  J\u00e4ms\u00e4n Vapaasrk.<br \/>\n15.2.  klo 17  Alaj\u00e4rven Vapaasrk.<br \/>\n22.2.  klo 11  Alavuden Helluntaisrk.<br \/>\n 1.3.  klo 16  Jalasj\u00e4rven Vapaasrk.<br \/>\n21.3.  klo 12  Pylk\u00f6nm\u00e4ki, Helluntaisrk.<br \/>\n29.3.  klo 16  \u00c4ht\u00e4ri, Helluntaisrk.<br \/>\n 1.4.  klo 12  Alavus, Helluntaisrk (Leip\u00e4kirkko)<br \/>\n 5.4.  klo 11  Virrat, Helluntaisrk.<br \/>\n12.4.  klo 17  Alaj\u00e4rvi, V apaasrk.<br \/>\n 3.5.  klo 16  J\u00e4ms\u00e4, Vapaasrk.<br \/>\n14.6.  klo 16  Alavus, Helluntaisrk.<br \/>\n19.7.  klo 11  Lapinlahti, Helluntaisrk.<br \/>\n19.7.  klo 18  Varpaisj\u00e4rvi, Helluntaisrk.<\/p>\n","protected":false},"excerpt":{"rendered":"<p>Yst\u00e4v\u00e4ni! Ep\u00e4varmuudesta ja muutosten yll\u00e4tt\u00e4vyyksist\u00e4 n\u00e4ytt\u00e4\u00e4 muodostuneen uusi normaali. Jokainen aistii sen omalla tavallaan.Omalla kohdallani tunneskaalaa on selattu \u00e4\u00e4rip\u00e4\u00e4st\u00e4 toiseen.Kuolema on kulkenut niin l\u00e4helt\u00e4, ett\u00e4 henk\u00e4isy sai v\u00e4risem\u00e4\u00e4n. Jumala on ollut l\u00e4heisille ja itselleni armollinen. H\u00e4n on auttanut meit\u00e4 toipumaan ja jatkamaan omaa matkaamme &#8211; ehk\u00e4 enemm\u00e4n toisiamme tukien. Ik\u00e4 ja sairaudet tuntuvat entist\u00e4 enemm\u00e4n [&hellip;]<\/p>\n","protected":false},"author":2,"featured_media":0,"parent":0,"menu_order":0,"comment_status":"closed","ping_status":"closed","template":"","meta":{"footnotes":""},"class_list":["post-1106","page","type-page","status-publish","hentry"],"jetpack_sharing_enabled":true,"_links":{"self":[{"href":"https:\/\/amigo.jormauimonen.com\/index.php?rest_route=\/wp\/v2\/pages\/1106","targetHints":{"allow":["GET"]}}],"collection":[{"href":"https:\/\/amigo.jormauimonen.com\/index.php?rest_route=\/wp\/v2\/pages"}],"about":[{"href":"https:\/\/amigo.jormauimonen.com\/index.php?rest_route=\/wp\/v2\/types\/page"}],"author":[{"embeddable":true,"href":"https:\/\/amigo.jormauimonen.com\/index.php?rest_route=\/wp\/v2\/users\/2"}],"replies":[{"embeddable":true,"href":"https:\/\/amigo.jormauimonen.com\/index.php?rest_route=%2Fwp%2Fv2%2Fcomments&post=1106"}],"version-history":[{"count":62,"href":"https:\/\/amigo.jormauimonen.com\/index.php?rest_route=\/wp\/v2\/pages\/1106\/revisions"}],"predecessor-version":[{"id":1287,"href":"https:\/\/amigo.jormauimonen.com\/index.php?rest_route=\/wp\/v2\/pages\/1106\/revisions\/1287"}],"wp:attachment":[{"href":"https:\/\/amigo.jormauimonen.com\/index.php?rest_route=%2Fwp%2Fv2%2Fmedia&parent=1106"}],"curies":[{"name":"wp","href":"https:\/\/api.w.org\/{rel}","templated":true}]}}