{"id":2,"date":"2010-05-14T23:37:47","date_gmt":"2010-05-14T20:37:47","guid":{"rendered":"http:\/\/amigo.jormauimonen.com\/?page_id=2"},"modified":"2020-01-05T20:00:46","modified_gmt":"2020-01-05T18:00:46","slug":"about","status":"publish","type":"page","link":"https:\/\/amigo.jormauimonen.com\/?page_id=2","title":{"rendered":"Kuka?"},"content":{"rendered":"<h5><a href=\"https:\/\/amigo.jormauimonen.com\/wp-content\/uploads\/2010\/05\/Rannassa.jpg\" target=\"_blank\" rel=\"noopener noreferrer\"><img loading=\"lazy\" decoding=\"async\" class=\"alignright size-medium wp-image-28\" title=\"Rannassa\" src=\"https:\/\/amigo.jormauimonen.com\/wp-content\/uploads\/2010\/05\/Rannassa-300x300.jpg\" alt=\"\" width=\"300\" height=\"300\" srcset=\"https:\/\/amigo.jormauimonen.com\/wp-content\/uploads\/2010\/05\/Rannassa-300x300.jpg 300w, https:\/\/amigo.jormauimonen.com\/wp-content\/uploads\/2010\/05\/Rannassa-150x150.jpg 150w, https:\/\/amigo.jormauimonen.com\/wp-content\/uploads\/2010\/05\/Rannassa.jpg 992w\" sizes=\"auto, (max-width: 300px) 100vw, 300px\" \/><\/a>Jorma Uimonen<\/h5>\n<p>Kotipaikka: Alavuden T\u00f6ys\u00e4<br \/>\nVaimo: Hannele<br \/>\nEnsimm\u00e4isest\u00e4 avioliitosta 4 lasta,\u00a0\u00a09 lastenlasta.<\/p>\n<p>Miehen polku sodan raunioista nousevalta Rovaniemelt\u00e4 el\u00e4kel\u00e4iseksi on ollut vaiherikas. Onnistumiset ovat Jumalan varjelevan ja siunaavan k\u00e4den ty\u00f6t\u00e4. Mutkat ja t\u00f6yssyt puolestaan oman mielen ja kiharaisen luonteen aikaan saamia el\u00e4m\u00e4n routavaurioita.<\/p>\n<p>Minulla oli turvallinen ja tasapainoinen lapsuus. En joutunut kokemaan puutetta enk\u00e4 joutunut\u00a0pelipalloksi vanhempieni riitoihin. Matka t\u00e4ysi-ik\u00e4isyyteen vei Loimaan, Toijalan, Tampereen ja Haminan kautta Orimattilaan. Siell\u00e4 olen asunut el\u00e4m\u00e4st\u00e4ni enemm\u00e4n tai v\u00e4hemm\u00e4n noin kolmanneksen. En ole siis liioitellut sanoessani, ett\u00e4 orimattilalaiset tuntevat minut kuin v\u00e4\u00e4r\u00e4n markan. Sinne sijoittuvat monet polkuni k\u00e4\u00e4nnekohdista. Iloista jos suruistakin.<\/p>\n<p>Nykyisin minut liitt\u00e4\u00e4 Orimattilaan nuorin tytt\u00e4reni. \u00c4idin, is\u00e4n\u00a0ja itse\u00e4ni nelj\u00e4 vuotta nuoremman sisareni jouduin k\u00e4tkem\u00e4\u00e4n Orimattilan hautausmaalle.\u00a0Kaikkein raskainta oli siunata sinne vuoden ik\u00e4isen\u00e4 kuollut poikani tyt\u00e4r Lumi Sofia.<\/p>\n<p>Ratkaisevin k\u00e4\u00e4nne el\u00e4m\u00e4ss\u00e4ni tapahtui 9.7.1975. Silloin sain tulla uskoon aivan yll\u00e4tt\u00e4en. Ellei armollinen Jumala olisi tarttunut el\u00e4m\u00e4\u00e4ni, istuisin tuskin en\u00e4\u00e4 kirjoittamassa n\u00e4it\u00e4 rivej\u00e4. Mutta H\u00e4nell\u00e4 oli my\u00f6s minua varten suunnitelma. Ja vaikka en ole l\u00e4hesk\u00e4\u00e4n aina ollut kuuliainen H\u00e4nen tahdolleen, ei minua ole sittenk\u00e4\u00e4n hylj\u00e4tty.<\/p>\n<p>Jeesus Kristus on ollut k\u00e4rsiv\u00e4llinen. Tie H\u00e4nen seurassaan on vienyt l\u00e4hetysty\u00f6h\u00f6n aina Espanjaan ja Pohjois-Afrikkaan saakka. Se on merkinnyt monia riemullisia kokemuksia. Mutta harva kristittyk\u00e4\u00e4n selvi\u00e4\u00e4 el\u00e4m\u00e4st\u00e4 tappioitta. Niit\u00e4 on riitt\u00e4nyt minullekin.<\/p>\n<p>En katsele haikaillen menneisyyteen. Tahdon el\u00e4\u00e4 t\u00e4t\u00e4 aikaa Jumalan armosta ja el\u00e4m\u00e4lt\u00e4 yht\u00e4 jos toista oppineena. Kutsun Sinua lent\u00e4m\u00e4\u00e4n kotisivuilleni ja keskustelemaan kanssani el\u00e4m\u00e4st\u00e4. Se sitten osaa olla mielenkiintoista.<\/p>\n<h5>Amigo<\/h5>\n<p>Uskoontuloni p\u00e4iv\u00e4n\u00e4 aivan tavallinen duunari kertoi minulle, ett\u00e4 l\u00e4htisin l\u00e4hetysty\u00f6h\u00f6n. Siihen en itse uskonut &#8211; viel\u00e4 silloin. Mutta jo muutamaa kuukautta my\u00f6hemmin Jumala vakuutti minutkin asiasta. Sainpa varsin yksityiskohtiin ulottuvan toimintasuunnitelmankin.<\/p>\n<p>Teht\u00e4v\u00e4\u00e4n valmistautuminen oli innostavaa. Opiskelin kielt\u00e4 ja tietenkin Raamattua. Harjoittelin kertomaan Jeesuksesta ymm\u00e4rrett\u00e4v\u00e4sti. Se ei ole niink\u00e4\u00e4n helppoa. Me suomalaiset emme ole tottuneet keskustelemaan vapautuneesti uskonasioista.<\/p>\n<p>Kes\u00e4kuussa 1979 silloin nelip\u00e4inen perheemme muutti Espanjan Torremolinosiin. Saimme silloin olla k\u00e4ynnist\u00e4m\u00e4ss\u00e4 ty\u00f6t\u00e4, mist\u00e4 on versonut tuhansille tutuksi k\u00e4ynyt <a href=\"http:\/\/www.turistikirkko.net\/\" target=\"_blank\" rel=\"noopener noreferrer\">Aurinkorannikon Turistikirkko<\/a>. Tavoitteena on ollut jatkuvasti kertoa evankeliumia alueella vieraileville turisteille.<\/p>\n<p>Oletko muuten ajatellut, ett\u00e4 matkailija on etsiv\u00e4 ihminen? Usein itsek\u00e4\u00e4n sit\u00e4 tiedostamatta h\u00e4n etsii vastauksia sis\u00e4iseen kaipaukseensa, jonka vain l\u00e4heinen yhteys Jumalaan voi tyydytt\u00e4\u00e4.<\/p>\n<p>Espanjassa minusta tuli Amigo. Sain sen lempinimekseni ja toivoisin totisesti olevani edelleen sen arvoinen, Sinullekin. Amigo tarkoittaa yst\u00e4v\u00e4\u00e4.<\/p>\n<p>Joitakin vuosia my\u00f6hemmin ty\u00f6 laajeni toiselle mantereelle. Sanoma rakastavasta Jumalasta on tarkoitettu my\u00f6s muslimeille, jotka el\u00e4v\u00e4t ankaran Allahinsa pelon vallassa. Jumala varusti meid\u00e4t teht\u00e4v\u00e4\u00e4n omalla pienkoneella. Sill\u00e4 tein noin 150 l\u00e4hetysmatkaa yli V\u00e4limeren kuljettaen kirjallisuutta ja avustustarvikkeita eri kohteisiin Pohjois-Afrikassa.<\/p>\n<p>Noina vuosina kypsyi sisimp\u00e4\u00e4ni varmuus l\u00e4hetysty\u00f6n tarpeellisuudesta. Se sulkee piiriins\u00e4 koko maailman. Raamatun Jumala on tarkoittanut jokaisen ihmisen yhteyteens\u00e4. Vain Raamattu kertoo meille tien H\u00e4nen luokseen. Se on H\u00e4n: Jeesus Kristus, ihmiskunnan ainoa Vapahtaja.<\/p>\n<p>Vaikka nuo sis\u00e4lt\u00f6rikkaat l\u00e4hetysvuodet j\u00e4iv\u00e4t taakse, en tahdo vaieta kertomasta Jeesuksesta. Vaikka el\u00e4mme perinteisesti kristillisess\u00e4 maassa, on ihmisten tiet\u00e4m\u00e4tt\u00f6myys pelastuksen tarpeestaan ja todellisen kristillisyyden sis\u00e4ll\u00f6st\u00e4 valtava.<\/p>\n<p>Sinullekaan minulla ei ole mit\u00e4\u00e4n t\u00e4rke\u00e4mp\u00e4\u00e4 kerrottavaa.<\/p>\n<h5>Ilmailumies<\/h5>\n<p><a href=\"https:\/\/amigo.jormauimonen.com\/wp-content\/uploads\/2010\/05\/bg_plane1.jpg\" target=\"_blank\" rel=\"noopener noreferrer\"><img loading=\"lazy\" decoding=\"async\" class=\"size-full wp-image-31 alignleft\" title=\"bg_plane1\" src=\"https:\/\/amigo.jormauimonen.com\/wp-content\/uploads\/2010\/05\/bg_plane1.jpg\" alt=\"\" width=\"200\" height=\"137\" \/><\/a>VIP-koordinaattori??? Eik\u00f6 kuulostakin salaper\u00e4iselt\u00e4? Se on teht\u00e4v\u00e4nimike, joka luki henkil\u00f6kortissani Helsinki-Vantaan lentoasemalla. Salaper\u00e4isyys on siin\u00e4 mieless\u00e4 todellista, ett\u00e4 asiakkaina olleet erikoislentojen k\u00e4ytt\u00e4j\u00e4t halusivat matkustaessaan yksityisyytt\u00e4 sek\u00e4 v\u00e4ltt\u00e4\u00e4 yleisten lentojen odotusruuhkia. Ty\u00f6ni n\u00e4iden lentojen j\u00e4rjestelyss\u00e4 oli vaihtelevaa ja t\u00e4ynn\u00e4 yll\u00e4tt\u00e4vi\u00e4 haasteita. Sain kohdata mielenkiintoisia ihmisi\u00e4 eri puolilta maailmaa. Kaikessa t\u00e4ss\u00e4kin olen saanut kokea Jumalan suurta johdatus.<\/p>\n<p>Itse asiassa H\u00e4nelt\u00e4 t\u00e4m\u00e4n ty\u00f6ni sainkin el\u00e4m\u00e4ni toistaiseksi suurimmassa kriisitilanteessa. Se olikin t\u00e4rkein syy, miksi pidin ty\u00f6t\u00e4ni arvossa.\u00a0Ty\u00f6toverini kutsuivat minua pastoriksi. Se ei ollut pilkkanimi. He ovat hienoja kavereita. Voisivat kyll\u00e4 yht\u00e4 hyvin kutsua is\u00e4ksi. On meinaan sen verran tuota ik\u00e4eroa.<\/p>\n<p>On helppoa pit\u00e4\u00e4 ty\u00f6st\u00e4, mink\u00e4 on saanut Jumalalta.\u00a0Viikonloppuina heitin virkakravatin naulaan ja pukeuduin Jumalan juoksupojaksi.<\/p>\n<h5><a href=\"https:\/\/amigo.jormauimonen.com\/wp-content\/uploads\/2010\/05\/Amigo.jpg\" target=\"_blank\" rel=\"noopener noreferrer\"><img loading=\"lazy\" decoding=\"async\" class=\"alignright size-medium wp-image-32\" title=\"Amigo\" src=\"https:\/\/amigo.jormauimonen.com\/wp-content\/uploads\/2010\/05\/Amigo-267x300.jpg\" alt=\"\" width=\"267\" height=\"300\" srcset=\"https:\/\/amigo.jormauimonen.com\/wp-content\/uploads\/2010\/05\/Amigo-267x300.jpg 267w, https:\/\/amigo.jormauimonen.com\/wp-content\/uploads\/2010\/05\/Amigo.jpg 400w\" sizes=\"auto, (max-width: 267px) 100vw, 267px\" \/><\/a>Jumalan juoksupoika<\/h5>\n<p>Ei ole mit\u00e4\u00e4n hienompaa kuin saada olla Jumalan asialla. Eik\u00e4 t\u00e4ss\u00e4 maailmassa ole kenell\u00e4k\u00e4\u00e4n niin t\u00e4rke\u00e4t\u00e4 asiaa kuin Jumalalla. Siin\u00e4 on jokaisen ihmisen el\u00e4m\u00e4 peliss\u00e4. Voi, jospa kaikki tiet\u00e4isiv\u00e4t sen!<\/p>\n<p>Jumala on vaikuttanut niin, ett\u00e4 minua on kutsuttu melkein jokaisena viikonloppuna johonkin seurakuntaan laulamaan ja puhumaan Raamatun Jumalasta ja H\u00e4nen rakkaudestaan meit\u00e4 ihmisi\u00e4 kohtaan. Yrit\u00e4n tehd\u00e4 sen niin avoimesti ja yksinkertaisesti kuin suinkin. Jumalan tarkoitus on, ett\u00e4 maailman suurin ja arvokkain asia ei huku monimutkaisuuteen. H\u00e4n tahtoo kutsua eksyksiss\u00e4 olevia ihmisi\u00e4 kotiin.<\/p>\n<p>Ihminen tarvitsee paitsi pelastavaa uskoa, my\u00f6skin hengellisen kodin voidakseen hyvin. Seurakunta on sellainen. Minun hengellinen kotini on t\u00e4ll\u00e4 hetkell\u00e4 <a href=\"http:\/\/www.alajarvi.svk.fi\/\" target=\"_blank\" rel=\"noopener noreferrer\">Alaj\u00e4rven Vapaaseurakunta<\/a>. Seurakunnan tuki on minulle hyvin t\u00e4rke\u00e4. He rukoilevat puolestani, kun kierr\u00e4n Jumalan juoksupoikana kertomassa ja laulamassa Jeesuksesta. Hengellisell\u00e4 ty\u00f6ll\u00e4 on vastustajansa, vaarallisimpana itse paholainen. Olen usein miettynyt, kuinka uupunut ja ahdistunut olisinkaan, jos toiset kristityt eiv\u00e4t rukoilisi tilaisuuksien puolesta.<\/p>\n<p>My\u00f6s se antaa voimaa, kun n\u00e4en ihmisten k\u00e4\u00e4ntyv\u00e4n etsim\u00e4\u00e4n Jumalaa. Raamattu sanoo, ett\u00e4 sellainen ihminen tulee my\u00f6s H\u00e4net l\u00f6yt\u00e4m\u00e4\u00e4n &#8211; jos on etsimisess\u00e4\u00e4n rehellinen. Kun n\u00e4kee toisten saavan avun tarpeisiinsa, monet rohkaistuvat l\u00e4hestym\u00e4\u00e4n Jumalaa.<\/p>\n<p>On \u00e4\u00e4rimm\u00e4isen t\u00e4rke\u00e4\u00e4, ett\u00e4 Jeesus nousee jokaisen tilaisuuden keskipisteeksi. Vain H\u00e4ness\u00e4 kohtaamme Jumalan. Vain Jeesuksen nimess\u00e4 tapahtuu tunnustekoja, joiden kautta uskomme Jumalan apuun vahvistuu. Siksi ei ole yhdentekev\u00e4\u00e4, mist\u00e4 laulumme ja puheemme kertovat. Yrit\u00e4n jatkuvasti muistuttaa itse\u00e4ni, ett\u00e4 Jeesus ei ole pelastanut minua jonkun uskonnon tai kirkkokunnan puhemieheksi, vaan omaksi todistajakseen.<\/p>\n<p>Sivuiltani n\u00e4et, mihin seurakuntiin minua on l\u00e4hiaikoina kutsuttu vierailemaan. Olisi suuri ilo tavata Sinua jossakin niist\u00e4. Ellei se ole mahdollista, niin rohkaisen Sinua joka tapauksessa menem\u00e4\u00e4n johonkin tilaisuuteen miss\u00e4 evankeliumia julistetaan. Siit\u00e4 se uskon kipin\u00e4 syttyy. Ja jos olet jo kristitty, niin onhan Sinulla varmasti jo oma hengellinen kotisi? Ellei, niin etsiydy sellaiseen pikimiten, ennenkuin vihollinen nielee Sinut saaliikseen.<\/p>\n<p><strong>Paluu Amigoksi<\/strong><\/p>\n<p>Pyyd\u00e4n anteeksi, ett\u00e4 t\u00e4m\u00e4n osion p\u00e4ivitys oli j\u00e4\u00e4nyt pahasti kesannolle. Vuodet ovat vieneet miehen el\u00e4kkeelle Finavialta 30.4.2014. Jo edellisen\u00e4 syksyn\u00e4 Aurinkorannikon Turistikirkko kutsui minua auttamaan vilkastuvassa toiminnassaan. Vietin Fuengirolassa kev\u00e4ttalvesta 2014 kolme kuukautta. Samassa yhteydess\u00e4 vahvistettiin se, ett\u00e4 jatkaisin seurakunnan ty\u00f6ntekij\u00e4n\u00e4 toistaiseksi seuraavasta syksyst\u00e4 alkaen.<\/p>\n<p>Tilanne on puhutellut minua vahvasti. Toisaalta Suomessa ovat lapset perheineen, ja heid\u00e4n merkityksens\u00e4 on kaiken aikaa vain kasvanut. Olemme my\u00f6s Hannelen kanssa p\u00e4\u00e4tyneet sopuisaan ratkaisuun, ett\u00e4 h\u00e4n jatkaa omassa puoliaikaisessa ty\u00f6ss\u00e4\u00e4n ainakin tulevan talvikauden ajan. J\u00e4rjestelyt antavat h\u00e4nelle mahdollisuuden viett\u00e4\u00e4 Espanjassa\u00a0l\u00e4hes puolet talvikaudesta.\u00a0L\u00e4hetysty\u00f6ll\u00e4 on aina hintansa. Mutta meid\u00e4n Herramme uhrin j\u00e4lkeen kaikki muu j\u00e4\u00e4 halvemmaksi.<\/p>\n<p>Tulla takaisin paikkaan ja teht\u00e4viin, joista l\u00e4hti l\u00e4hes 25 vuotta sitten. Se on kokemuksena niin suuri, ett\u00e4 k\u00e4sitteleminen ottaa varmasti aikansa. N\u00e4k\u00f6kulma kaikkeen &#8211; omaan itseens\u00e4kin &#8211; on monella tavalla muuttunut. Onneksi evankeliumin sanoma on muuttumaton, niin paljon kuin sit\u00e4 vastaan hy\u00f6k\u00e4t\u00e4\u00e4nkin. Muuttumaton on my\u00f6s ihmisen tarve kokea anteeksiantamus ja l\u00f6yt\u00e4\u00e4 tie Jumalan yhteyteen.<\/p>\n<p>Siihen saakka jokainen ihminen on turistimatkalla.<\/p>\n<p>Syksyll\u00e4 2015 totean Jumalalle kiitollisena, ett\u00e4 matka on jatkunut t\u00e4nne asti. Pesti Turistikirkon ty\u00f6ntekij\u00e4n\u00e4 jatkuu toistaiseksi. Jumalan olemassa oloa ja johdatusta ep\u00e4ileville minulla olisi paljon kerrottavaa. Toisaalta el\u00e4m\u00e4n karu todellisuus on avautunut monta kertaa. Niilt\u00e4 maisemilta ei uskovanakaan voi v\u00e4ltty\u00e4.<\/p>\n<p>Koen vahvasti hengess\u00e4ni, ett\u00e4 nyt alkanut talvikausi tuo mukanaan monenlaisia j\u00e4ristyksi\u00e4. Raamatun &#8211; ja aivan erityisesti sen Ilmestyskirjan &#8211; maalaamat viimeisien aikojen maisemat alkavat hahmottua yh\u00e4 selvempin\u00e4. Meille se merkitsee entist\u00e4 voimallisempaa antautumista evankeliumin kertomiseen. Kasvavat kuulijajoukot ja ihmisten esitt\u00e4m\u00e4t kyselyt kertovat lis\u00e4\u00e4ntyv\u00e4st\u00e4 pelosta. Kristuksen l\u00e4heisyyden tarjoamasta turvasta k\u00e4sin sit\u00e4 ei vain tule helposti huomanneeksi.<\/p>\n<p>Vuoden 2017 alkuviikkoina voin todeta, kuinka maailman menon kiihtyminen n\u00e4kyy hyvin Espanjan Aurinkorannikollakin. Taantuman vuosien j\u00e4lkeen turistien virta on k\u00e4\u00e4ntynyt vahvaan nousuun. T\u00e4ll\u00e4 hetkell\u00e4 on alueella enemm\u00e4n suomalaisiakin kuin koskaan aikaisemmin. Turistikirkolle se merkitsee alati vilkkaampaa toimintaa. Erityisesti ty\u00f6ik\u00e4isi\u00e4 perheineen on muuttanut Fuengirolaan satoja. Useat huomattamat yritykset ovat perustaneet t\u00e4nne toimipisteit\u00e4\u00e4n. Suomi -koulu on tupaten t\u00e4ynn\u00e4 ja jonotuslistat pitki\u00e4. Olemme k\u00e4ynnist\u00e4neet mittavan lapsi- ja nuorisoty\u00f6n, joka on nopeasti saavuttanut my\u00f6nteist\u00e4 vastakaikua.<\/p>\n<p>Vaikka ihmiskunnan taivaalle on noussut synkki\u00e4 pilvi\u00e4, on Jumalan rakkauden ja armon aurinko sittenkin l\u00f6ydett\u00e4viss\u00e4. Siit\u00e4 kertominen on t\u00e4llaiselle el\u00e4kepapallekin suuri kunniateht\u00e4v\u00e4.<\/p>\n<p><strong>Kaikella on aikansa<\/strong><\/p>\n<p>Liek\u00f6 varhaislapsuuteni saanut tartunnan h\u00e4m\u00e4l\u00e4isyydest\u00e4, siksi verkkaisesti kerron lukijoilleni el\u00e4m\u00e4ni muutoksista. En ole facebookissa enk\u00e4 miss\u00e4\u00e4n muussakaan nykytrendin somesopassa mukana. Siell\u00e4h\u00e4n kuulumisia kirjataan l\u00e4hes p\u00e4ivitt\u00e4in. Ei kai siin\u00e4 mit\u00e4\u00e4n pahaa, mutta vaara uhkaa, ett\u00e4 suuremmat k\u00e4\u00e4nteet j\u00e4\u00e4v\u00e4t helposti jokap\u00e4iv\u00e4isyyksien jalkoihin. Siksi tahdon n\u00e4ill\u00e4 kotisivuilla blogiani lukuunottamatta kertoa vain sellaisista muutoksista, jotka todella merkitt\u00e4v\u00e4sti vaikuttavat el\u00e4m\u00e4ni suuntaan.<\/p>\n<p>Jo viime syksyn\u00e4 (2017) koin terveydess\u00e4ni melkoisia notkahduksia. Maaliskuussa pallolaajennettu syd\u00e4meni alkoi kadottaa useammin normaalia rytmi\u00e4\u00e4n. Lis\u00e4ksi elin kolmisen viikkoa todenn\u00e4k\u00f6isen sy\u00f6p\u00e4uhan alla, mik\u00e4 puolestaan l\u00f6i psyyykeni puolelle leimansa koko syksyksi.<\/p>\n<p>Espanjaan p\u00e4\u00e4sin tutkimusten j\u00e4lkeen palaamaan vasta lokakuun lopulla. Pastorin teht\u00e4vien edellytt\u00e4m\u00e4\u00e4n ty\u00f6kuntoon en kuitenkaan en\u00e4\u00e4 p\u00e4\u00e4ssyt. Siksi sangen kipeiden vaiheiden saatelemina palasin Suomeen &#8211; toistaiseksi &#8211; tammikuun lopulla. Vapaus s\u00e4\u00e4nn\u00f6llisest\u00e4 ty\u00f6vastuusta sai minut ensi tuntemaan itseni todella el\u00e4kel\u00e4iseksi. Oireilua ei ole rajuudessaan siin\u00e4 m\u00e4\u00e4rin jatkunut.<\/p>\n<p>Jumala on puhunut yht\u00e4 ja toista hengellisen ty\u00f6n tarpeista ja mahdollisuuksista t\u00e4\u00e4ll\u00e4. Kovin mielell\u00e4ni osallistuisin niihin, mutta tied\u00e4n tarvitsevani siihen Jumalan parantavan k\u00e4den kosketusta &#8211; tavalla tai toisella. Hengellinen ty\u00f6 on taistelua, eik\u00e4 siin\u00e4 edes fyysinen terveys riit\u00e4 ilman Jumalan hengen avaavaa ja kantavaa vaikutusta.<\/p>\n<p>Olen kiitollinen kaikille esirukoilijoille. Niit\u00e4 Jumala on minulle suonut koskettavan paljon.<\/p>\n<p><strong>70+<\/p>\n<p>Huh-huh! Totta se vaan on, vaikka kuinka p\u00e4ivittelisi. Lyhenee se askel innokkaallakin lenkkeilij\u00e4ll\u00e4. Kaikki k\u00e4y verkkaisemmaksi &#8211; ajatuksenjuoksua my\u00f6ten. Siin\u00e4 kai uskottavin selitys sille, ett\u00e4 t\u00e4m\u00e4n osion p\u00e4ivityksest\u00e4 on vier\u00e4ht\u00e4nyt reippaasti kolmatta vuotta. Tosin, aikaisempaan viitaten, en ole kokenut mielekk\u00e4\u00e4ksi py\u00f6ri\u00e4 liian kanssa oman napani ymp\u00e4rill\u00e4. Sit\u00e4 tulee tehty\u00e4, vaikka yritt\u00e4isi pist\u00e4\u00e4 v\u00e4h\u00e4n hanttiinkin. Mutta eih\u00e4n siit\u00e4 ole pakko toisille huudella. Leikkis\u00e4sti sanottuna: saavathan toisen aihetta tyydytt\u00e4\u00e4 uteliaisuuden n\u00e4lk\u00e4\u00e4ns\u00e4 soittamalla tai meilaamalla.<\/p>\n<p>Reilut kaksi vuotta sitten vapauduin viel\u00e4 sy\u00f6p\u00e4diagnoosista, mutta en en\u00e4\u00e4 vuotta my\u00f6hemmin. Harvinainen lymfooma l\u00e4p\u00e4isi pari erikoisl\u00e4\u00e4k\u00e4rinkin syynin. Lopulta nuori ja terhakka valkotakkinen osoitti, ett\u00e4 ei tieto ja huolellisuus ole vain vanhempien varassa. Tauti on t\u00e4ll\u00e4 hetkell\u00e4 tiett\u00e4v\u00e4sti hallinnassa (remissiossa). En aio siit\u00e4 sen kummemmin el\u00e4m\u00f6id\u00e4 enk\u00e4 ker\u00e4t\u00e4 s\u00e4\u00e4lipisteit\u00e4. Otetaan p\u00e4iv\u00e4t vastaan Jumalan k\u00e4dest\u00e4 sellaisina kuin niit\u00e4 m\u00e4\u00e4r\u00e4lt\u00e4\u00e4n ja laadultaan annetaan. Hiljattain edesmennyt kansanedustaja Maarit Feldt-Ranta sanoi upeasti: &#8211; Er\u00e4\u00e4n\u00e4 p\u00e4iv\u00e4n\u00e4 min\u00e4 kuolen, mutta siihen saakka min\u00e4 el\u00e4n. Kaiken lis\u00e4ksi Jeesukseen uskovaa riemastuttaa Vapahtajan lupaus: &#8211; Ei yksik\u00e4\u00e4n, joka el\u00e4\u00e4 ja uskoo minuun, ikin\u00e4 kuole(Joh.11:26). T\u00e4ll\u00e4 Jeesus tarkoitti tietenkin iankaikkista el\u00e4m\u00e4\u00e4. Se avautuu paratiisiin jokaiselle Jeesukseen uskovalle heti, kun t\u00e4m\u00e4 t\u00e4\u00e4ll\u00e4 maailmassa silm\u00e4ns\u00e4 viime kerran sulkee. Ja Jeesuksen palatessa h\u00e4n saa pukeutua katoamattomaan yl\u00f6snousemusruumiiseen ja suorittamaan Jeesuksen johtamia palvelusteht\u00e4vi\u00e4 ensin tuhatvuotisessa rauhanvaltakunnassa. Sen p\u00e4\u00e4tyess\u00e4 koittava viimeinen tuomio ei koske h\u00e4nt\u00e4. Kaiken nykyisen tiet\u00e4myksemme maali saavutetaan Uudessa Maassa, mink\u00e4 olosuhteita ei pysty parhaimmallakaan mielikuvituksella edes hahmottelemaan.<\/p>\n<p>Kaikesta t\u00e4st\u00e4 tahdon kertoa. Pyrin keskustelemaan siit\u00e4 luontevasti tapaamieni ihmisten kanssa. N\u00e4m\u00e4 taivasasiat ovat luonnollisesti blogini kestoaiheena. Ja voi minua, jos seurakunnissa vieraillessani laiminly\u00f6n kutsua kuulijoitani ottamaan vastaan Jeesuksen tarjoaman pelastuksen. Se on p\u00e4iv\u00e4 p\u00e4iv\u00e4lt\u00e4 ajankohtaisempaa.<\/p>\n<p>Ryppyj\u00e4 s\u00e4ik\u00e4ht\u00e4m\u00e4tt\u00e4 elelemme Hannelen kanssa edelleen Mutkankyl\u00e4n ihanassa korvessa. En lakkaa kiitt\u00e4m\u00e4st\u00e4 Jumalaa siit\u00e4, ett\u00e4 minun ei tarvitse asua esim. Helsingiss\u00e4. (\u00c4lk\u00e4\u00e4 stadilaiset ihmeess\u00e4 loukkaantuko. Kyll\u00e4 te olette v\u00e4hint\u00e4\u00e4nkin siedett\u00e4vi\u00e4 &#8211; vaikkakin tolkuttoman kiireisi\u00e4). Sukulaispiirimme nuppiluku on kasvanut yhdell\u00e4. Hannelen tyt\u00e4r Milla Rintala ja h\u00e4nen Heikki -puolisonsa saivat kauan kaivatun lapsen. Nyt jo yli 2 -vuotias Nooa on vilkkaimpia tuntemiani lapsia. Nimest\u00e4\u00e4n huolimatta vesselin taipumukset viittaavat paremmin purkuhommiin kuin rakentamiseen. Onnellisten vanhempien lis\u00e4ksi on vahtivuoroja riitt\u00e4nyt yllin kyllin my\u00f6s Hannelelle.<\/p>\n<p>Viel\u00e4 en malta olla kertomatta Olkasta, joka on vallannut ison tontin syd\u00e4mest\u00e4ni. Olka on vapaaehtois\/vertaistukitoimintaa, mihin olen sitoutunut Sein\u00e4joen Keskussairaalassa. Autamme ja opastamme sairaalaan tulevia potilaita sek\u00e4 tarjoamme keskusteluapua my\u00f6skin osastoille. Samalla saa omakin sielu balsamia, kun olkalaisina jaamme kokemuksia. L\u00e4hes kaikilla on kroonisia sairauksia seuralaisenaan. Olka (lyhenne sanasta olkap\u00e4\u00e4) on kansallinen organisaatio, jonka toiminta levitt\u00e4ytyy v\u00e4hitellen kaikkiin suurempiin sairaaloihin. Omalta osaltani koen mukana olemiseni Jumalanb hienoksi johdatukseksi.<\/p>\n<p>T\u00e4llaisilla ev\u00e4ill\u00e4 ja mietteill\u00e4 siirryin vuoteen 2020. Saa ottaa yhteytt\u00e4 ja kysell\u00e4 lis\u00e4\u00e4.        <\/p>\n","protected":false},"excerpt":{"rendered":"<p>Jorma Uimonen Kotipaikka: Alavuden T\u00f6ys\u00e4 Vaimo: Hannele Ensimm\u00e4isest\u00e4 avioliitosta 4 lasta,\u00a0\u00a09 lastenlasta. Miehen polku sodan raunioista nousevalta Rovaniemelt\u00e4 el\u00e4kel\u00e4iseksi on ollut vaiherikas. Onnistumiset ovat Jumalan varjelevan ja siunaavan k\u00e4den ty\u00f6t\u00e4. Mutkat ja t\u00f6yssyt puolestaan oman mielen ja kiharaisen luonteen aikaan saamia el\u00e4m\u00e4n routavaurioita. Minulla oli turvallinen ja tasapainoinen lapsuus. En joutunut kokemaan puutetta enk\u00e4 joutunut\u00a0pelipalloksi [&hellip;]<\/p>\n","protected":false},"author":1,"featured_media":0,"parent":0,"menu_order":0,"comment_status":"open","ping_status":"open","template":"","meta":{"footnotes":""},"class_list":["post-2","page","type-page","status-publish","hentry"],"jetpack_sharing_enabled":true,"_links":{"self":[{"href":"https:\/\/amigo.jormauimonen.com\/index.php?rest_route=\/wp\/v2\/pages\/2","targetHints":{"allow":["GET"]}}],"collection":[{"href":"https:\/\/amigo.jormauimonen.com\/index.php?rest_route=\/wp\/v2\/pages"}],"about":[{"href":"https:\/\/amigo.jormauimonen.com\/index.php?rest_route=\/wp\/v2\/types\/page"}],"author":[{"embeddable":true,"href":"https:\/\/amigo.jormauimonen.com\/index.php?rest_route=\/wp\/v2\/users\/1"}],"replies":[{"embeddable":true,"href":"https:\/\/amigo.jormauimonen.com\/index.php?rest_route=%2Fwp%2Fv2%2Fcomments&post=2"}],"version-history":[{"count":20,"href":"https:\/\/amigo.jormauimonen.com\/index.php?rest_route=\/wp\/v2\/pages\/2\/revisions"}],"predecessor-version":[{"id":781,"href":"https:\/\/amigo.jormauimonen.com\/index.php?rest_route=\/wp\/v2\/pages\/2\/revisions\/781"}],"wp:attachment":[{"href":"https:\/\/amigo.jormauimonen.com\/index.php?rest_route=%2Fwp%2Fv2%2Fmedia&parent=2"}],"curies":[{"name":"wp","href":"https:\/\/api.w.org\/{rel}","templated":true}]}}