{"id":4,"date":"2010-05-15T00:11:31","date_gmt":"2010-05-14T21:11:31","guid":{"rendered":"http:\/\/amigo.jormauimonen.com\/?page_id=4"},"modified":"2018-04-01T16:56:57","modified_gmt":"2018-04-01T13:56:57","slug":"musiikki","status":"publish","type":"page","link":"https:\/\/amigo.jormauimonen.com\/?page_id=4","title":{"rendered":"Julkaisut"},"content":{"rendered":"<h5>Hyv\u00e4\u00e4 matkaa!<\/h5>\n<p><a href=\"http:\/\/www.paiva.fi\/?sid=30003&amp;tuoteid=4837&amp;luokkaid=157&amp;from=%2F%3Fsid%3D30000%26luokkaid%3D157%26luokka%3D0%26s%3D2%26a%3D20%26showall%3D%26hmin%3D%26hmax%3D%26words%3D%26kustantajaid%3D%26m%3D\" target=\"_blank\" rel=\"noopener\"><img loading=\"lazy\" decoding=\"async\" class=\"size-full wp-image-22 alignright\" title=\"HyvaaMatkaa\" src=\"https:\/\/amigo.jormauimonen.com\/wp-content\/uploads\/2010\/05\/HyvaaMatkaa.jpg\" alt=\"CD Hyv\u00e4\u00e4 matkaa\" width=\"381\" height=\"200\" srcset=\"https:\/\/amigo.jormauimonen.com\/wp-content\/uploads\/2010\/05\/HyvaaMatkaa.jpg 381w, https:\/\/amigo.jormauimonen.com\/wp-content\/uploads\/2010\/05\/HyvaaMatkaa-300x157.jpg 300w\" sizes=\"auto, (max-width: 381px) 100vw, 381px\" \/><\/a>T\u00e4ytetty\u00e4ni 60 sain ker\u00e4tyksi niin paljon rohkeutta, ett\u00e4 uskalsin marssia \u00e4\u00e4nitysstudioon laulamaan ensimm\u00e4ist\u00e4 levy\u00e4ni. Yllytt\u00e4ji\u00e4 moiseen yritykseen on riitt\u00e4nyt yli 30 vuoden ajan.<\/p>\n<p>Heti uskoon tultuani ryhdyin kirjoittelemaan runoja ja s\u00e4veltelem\u00e4\u00e4n niit\u00e4 lauluiksi. Mit\u00e4\u00e4n hienouksia ei musiikistani kannata etsi\u00e4, mutta ehk\u00e4 juuri sanoman selkeys ja s\u00e4velmien yksinkertaisuus ovat syy, miksi monet itse\u00e4ni taitavammat esitt\u00e4j\u00e4t ovat halunneet laulaa laulujani.<\/p>\n<p>T\u00e4ll\u00e4kin levyll\u00e4 Kai Karjalainen on onnistunut sovituksissaan ja musiikista vastaavat maamme eturivin soittajat.<\/p>\n<p>(SH 20 eur)<\/p>\n<p><strong>* * *<\/strong><\/p>\n<p><a href=\"http:\/\/www.paiva.fi\/?sid=30003&amp;tuoteid=4543&amp;luokkaid=157&amp;from=%2F%3Fsid%3D30000%26luokkaid%3D157%26luokka%3D0%26s%3D2%26a%3D20%26showall%3D%26hmin%3D%26hmax%3D%26words%3D%26kustantajaid%3D%26m%3D\" target=\"_blank\" rel=\"noopener\"><img loading=\"lazy\" decoding=\"async\" class=\"size-full wp-image-24 alignright\" title=\"ElamaOnNyt\" src=\"https:\/\/amigo.jormauimonen.com\/wp-content\/uploads\/2010\/05\/ElamaOnNyt.jpg\" alt=\"El\u00e4m\u00e4 on nyt\" width=\"200\" height=\"290\" \/><\/a><\/p>\n<h5>El\u00e4m\u00e4 on nyt!<\/h5>\n<p>Niin yksinkertainen kuin pelastussanoma onkin, emme osaa sit\u00e4 aina ymm\u00e4rrett\u00e4v\u00e4sti kertoa. Siksi aiheesta kirjoitetut kirjat voivat olla suureksi avuksi. Kirjasta on asia helppo tarkistaa my\u00f6hemminkin.<\/p>\n<p>T\u00e4ss\u00e4 helppolukuisessa kirjasessa olen yritt\u00e4nyt esitt\u00e4\u00e4 havainnollisin esimerkein, miksi Jumala tahtoo johdattaa jokaisen ihmisen henkil\u00f6kohtaiseen uskonratkaisuun ja kuinka se voi tapahtua.<\/p>\n<p>(SH 2 eur)<\/p>\n<p><strong>* * *<\/strong><\/p>\n<p>Molempia tuotteita voit hankkia kristillisist\u00e4 kirjamyyntipisteist\u00e4, kustantaja <a href=\"http:\/\/www.paiva.fi\/\" target=\"_blank\" rel=\"noopener\">P\u00e4iv\u00e4Osakeyhti\u00f6lt\u00e4<\/a> tai my\u00f6s suoraan minulta.<\/p>\n<p>El\u00e4m\u00e4 on nyt -kirjasen voit saada minulta postituskustannuksien hinnalla (3 eur).<\/p>\n<p>&nbsp;<\/p>\n<p>***<\/p>\n<p>Toisaalla onko tietoja \u00e4\u00e4nite\/kirjapaketista VALOA ILOA JA HYV\u00c4\u00c4 MIELT\u00c4<\/p>\n<p>***<\/p>\n<p>Marraskuussa 2017 P\u00e4iv\u00e4Osakeyhti\u00f6 julkaisi evankelioimistarkoitukseen kirjoittamani kirjasen SINUN AIKASI.<br \/>\nSe rakentuu Saarnaajan kirjan kolmannen luvun mainitsemien\u00a0 kuningas Salomonin viisauksien pohjalle. Runsas satasivuinen kirja on hinnaltaan puristettu minimiin, ett\u00e4 uskovat ihmiset voisivat helpommin hankkia sit\u00e4 omalle elinpiirilleen levitett\u00e4v\u00e4ksi.<br \/>\nKysy hankittavaan kappalem\u00e4\u00e4r\u00e4\u00e4n perustuvaa hinnoittelua P\u00e4iv\u00e4 OY:lt\u00e4.<\/p>\n<p>&nbsp;<\/p>\n<p>&nbsp;<\/p>\n<p>&nbsp;<\/p>\n","protected":false},"excerpt":{"rendered":"<p>Hyv\u00e4\u00e4 matkaa! T\u00e4ytetty\u00e4ni 60 sain ker\u00e4tyksi niin paljon rohkeutta, ett\u00e4 uskalsin marssia \u00e4\u00e4nitysstudioon laulamaan ensimm\u00e4ist\u00e4 levy\u00e4ni. Yllytt\u00e4ji\u00e4 moiseen yritykseen on riitt\u00e4nyt yli 30 vuoden ajan. Heti uskoon tultuani ryhdyin kirjoittelemaan runoja ja s\u00e4veltelem\u00e4\u00e4n niit\u00e4 lauluiksi. Mit\u00e4\u00e4n hienouksia ei musiikistani kannata etsi\u00e4, mutta ehk\u00e4 juuri sanoman selkeys ja s\u00e4velmien yksinkertaisuus ovat syy, miksi monet itse\u00e4ni taitavammat [&hellip;]<\/p>\n","protected":false},"author":1,"featured_media":0,"parent":0,"menu_order":0,"comment_status":"open","ping_status":"open","template":"","meta":{"footnotes":""},"class_list":["post-4","page","type-page","status-publish","hentry"],"jetpack_sharing_enabled":true,"_links":{"self":[{"href":"https:\/\/amigo.jormauimonen.com\/index.php?rest_route=\/wp\/v2\/pages\/4","targetHints":{"allow":["GET"]}}],"collection":[{"href":"https:\/\/amigo.jormauimonen.com\/index.php?rest_route=\/wp\/v2\/pages"}],"about":[{"href":"https:\/\/amigo.jormauimonen.com\/index.php?rest_route=\/wp\/v2\/types\/page"}],"author":[{"embeddable":true,"href":"https:\/\/amigo.jormauimonen.com\/index.php?rest_route=\/wp\/v2\/users\/1"}],"replies":[{"embeddable":true,"href":"https:\/\/amigo.jormauimonen.com\/index.php?rest_route=%2Fwp%2Fv2%2Fcomments&post=4"}],"version-history":[{"count":11,"href":"https:\/\/amigo.jormauimonen.com\/index.php?rest_route=\/wp\/v2\/pages\/4\/revisions"}],"predecessor-version":[{"id":643,"href":"https:\/\/amigo.jormauimonen.com\/index.php?rest_route=\/wp\/v2\/pages\/4\/revisions\/643"}],"wp:attachment":[{"href":"https:\/\/amigo.jormauimonen.com\/index.php?rest_route=%2Fwp%2Fv2%2Fmedia&parent=4"}],"curies":[{"name":"wp","href":"https:\/\/api.w.org\/{rel}","templated":true}]}}